{"id":65101,"date":"2022-06-06T08:58:06","date_gmt":"2022-06-06T12:58:06","guid":{"rendered":"https:\/\/www.riacanada.ca\/?page_id=65101"},"modified":"2022-06-06T08:59:00","modified_gmt":"2022-06-06T12:59:00","slug":"finaliste-de-lintegration-2022","status":"publish","type":"page","link":"https:\/\/www.riacanada.ca\/fr\/finaliste-de-lintegration-2022\/","title":{"rendered":"Finaliste de l\u2019Int\u00e9gration (2022)"},"content":{"rendered":"\n<div class=\"wp-block-image\"><figure class=\"aligncenter\"><img decoding=\"async\" loading=\"lazy\" width=\"430\" height=\"50\" src=\"https:\/\/www.riacanada.ca\/content\/uploads\/2019\/05\/Manulife-Investment-Management-logo.png\" alt=\"\" class=\"wp-image-55209\"\/><\/figure><\/div>\n\n\n\n<p style=\"text-align:center\"><strong>Manuvie<\/strong><\/p>\n\n\n\n<p style=\"text-align:center\"><strong><em>Projet<\/em>&nbsp;: L\u2019int\u00e9gration des cotes de Niveau de Progression de Gestion de placements Manuvie<\/strong><\/p>\n\n\n\n<p style=\"text-align:left\">D\u00e8s le d\u00e9but du parcours de Gestion de placements Manuvie en mati\u00e8re de d\u00e9veloppement durable, cette derni\u00e8re a estim\u00e9 qu\u2019un cadre et un processus de gouvernance clairs permettant de suivre les progr\u00e8s des \u00e9quipes de placement seraient essentiels \u00e0 sa r\u00e9ussite. Avec de nombreuses \u00e9quipes d\u2019investissement r\u00e9parties dans le monde entier et ayant des approches diff\u00e9rentes pour atteindre la performance, il \u00e9tait crucial de permettre une certaine flexibilit\u00e9 dans l\u2019approche, mais de fixer des normes et un suivi.&nbsp;&nbsp;<br><\/p>\n\n\n\n<p style=\"text-align:left\">Au c\u0153ur des processus de placement de Gestion de placements Manuvie se trouve son engagement envers la gestion active, fondamentale et ascendante des placements. GP Manuvie consid\u00e8re l\u2019incorporation explicite des facteurs environnementaux, sociaux et de gouvernance comme un corollaire naturel de cette approche, permettant une compr\u00e9hension plus compl\u00e8te du risque et du rendement. GP Manuvie vise \u00e0&nbsp;:<br>-r\u00e9duire les risques pour les clients et rechercher des occasions de rendement lors de l\u2019in\u00e9vitable transition<br>-avoir un impact positif sur l\u2019atteinte des r\u00e9sultats en mati\u00e8re de durabilit\u00e9<\/p>\n\n\n\n<p style=\"text-align:left\">Afin d\u2019officialiser cette d\u00e9marche et de fournir un cadre de gouvernance clair et transparent, GP Manuvie a mis au point son propre syst\u00e8me de notation interne &#8211; le niveau de progression de l\u2019int\u00e9gration (ou NPI). Ce processus comprend une note de 1 \u00e0 5 pour chaque \u00e9quipe et couvre leur approche ESG en mati\u00e8re de recherche, de s\u00e9lection et d\u2019\u00e9valuation des titres, de construction de portefeuille, de gestion du risque et d\u2019intendance.&nbsp;<br><\/p>\n\n\n\n<p style=\"text-align:left\">Une fois que GP Manulife a atteint son objectif, la prochaine \u00e9tape du plan consiste \u00e0 d\u00e9ployer son cadre interne au-del\u00e0 du NPII, afin de respecter les normes rigoureuses que GP Manuvie a \u00e9tablies avec son cadre d\u2019int\u00e9gration.&nbsp;&nbsp;<br><\/p>\n\n\n\n<hr class=\"wp-block-separator\"\/>\n\n\n\n<p>Les fiches de pointage des gagnants et des finalistes sont disponibles\u00a0<a href=\"https:\/\/www.riacanada.ca\/content\/uploads\/2022\/06\/2022-Awards-Winner-Finalist-Scorecard-PUBLIC.xlsx-Integration.pdf\" target=\"_blank\" rel=\"noreferrer noopener\" aria-label=\"ici (opens in a new tab)\">ici<\/a>.<\/p>\n\n\n\n<p><a href=\"https:\/\/www.riacanada.ca\/fr\/news\/prix-du-leadership-de-lair-2022-gagnants-et-finalistes\/\">En savoir plus sur les Prix du leadership de l\u2019AIR 2022.\ufeff<\/a><br><\/p>\n","protected":false},"excerpt":{"rendered":"<p>Manuvie Projet&nbsp;: L\u2019int\u00e9gration des cotes de Niveau de Progression de Gestion de placements Manuvie D\u00e8s le d\u00e9but du parcours de Gestion de placements Manuvie en mati\u00e8re de d\u00e9veloppement durable, cette derni\u00e8re a estim\u00e9 qu\u2019un cadre et un processus de gouvernance clairs permettant de suivre les progr\u00e8s des \u00e9quipes de placement seraient essentiels \u00e0 sa r\u00e9ussite. [&hellip;]<\/p>\n","protected":false},"author":7472,"featured_media":0,"parent":0,"menu_order":0,"comment_status":"closed","ping_status":"closed","template":"","meta":{"footnotes":""},"acf":[],"yoast_head":"<!-- This site is optimized with the Yoast SEO plugin v21.0 - https:\/\/yoast.com\/wordpress\/plugins\/seo\/ -->\n<title>Finaliste de l\u2019Int\u00e9gration (2022) - Responsible Investment Association<\/title>\n<meta name=\"robots\" content=\"index, follow, max-snippet:-1, max-image-preview:large, max-video-preview:-1\" \/>\n<link rel=\"canonical\" href=\"https:\/\/www.riacanada.ca\/fr\/finaliste-de-lintegration-2022\/\" \/>\n<meta property=\"og:locale\" content=\"fr_FR\" \/>\n<meta property=\"og:type\" content=\"article\" \/>\n<meta property=\"og:title\" content=\"Finaliste de l\u2019Int\u00e9gration (2022) - Responsible Investment Association\" \/>\n<meta property=\"og:description\" content=\"Manuvie Projet&nbsp;: L\u2019int\u00e9gration des cotes de Niveau de Progression de Gestion de placements Manuvie D\u00e8s le d\u00e9but du parcours de Gestion de placements Manuvie en mati\u00e8re de d\u00e9veloppement durable, cette derni\u00e8re a estim\u00e9 qu\u2019un cadre et un processus de gouvernance clairs permettant de suivre les progr\u00e8s des \u00e9quipes de placement seraient essentiels \u00e0 sa r\u00e9ussite. [&hellip;]\" \/>\n<meta property=\"og:url\" content=\"https:\/\/www.riacanada.ca\/fr\/finaliste-de-lintegration-2022\/\" \/>\n<meta property=\"og:site_name\" content=\"Responsible Investment Association\" \/>\n<meta property=\"article:modified_time\" content=\"2022-06-06T12:59:00+00:00\" \/>\n<meta property=\"og:image\" content=\"https:\/\/www.riacanada.ca\/content\/uploads\/2019\/05\/Manulife-Investment-Management-logo.png\" \/>\n<meta name=\"twitter:card\" content=\"summary_large_image\" \/>\n<meta name=\"twitter:label1\" content=\"Dur\u00e9e de lecture estim\u00e9e\" \/>\n\t<meta name=\"twitter:data1\" content=\"2 minutes\" \/>\n<script type=\"application\/ld+json\" class=\"yoast-schema-graph\">{\"@context\":\"https:\/\/schema.org\",\"@graph\":[{\"@type\":\"WebPage\",\"@id\":\"https:\/\/www.riacanada.ca\/fr\/finaliste-de-lintegration-2022\/\",\"url\":\"https:\/\/www.riacanada.ca\/fr\/finaliste-de-lintegration-2022\/\",\"name\":\"Finaliste de l\u2019Int\u00e9gration (2022) - Responsible Investment Association\",\"isPartOf\":{\"@id\":\"https:\/\/www.riacanada.ca\/fr\/#website\"},\"datePublished\":\"2022-06-06T12:58:06+00:00\",\"dateModified\":\"2022-06-06T12:59:00+00:00\",\"breadcrumb\":{\"@id\":\"https:\/\/www.riacanada.ca\/fr\/finaliste-de-lintegration-2022\/#breadcrumb\"},\"inLanguage\":\"fr-FR\",\"potentialAction\":[{\"@type\":\"ReadAction\",\"target\":[\"https:\/\/www.riacanada.ca\/fr\/finaliste-de-lintegration-2022\/\"]}]},{\"@type\":\"BreadcrumbList\",\"@id\":\"https:\/\/www.riacanada.ca\/fr\/finaliste-de-lintegration-2022\/#breadcrumb\",\"itemListElement\":[{\"@type\":\"ListItem\",\"position\":1,\"name\":\"Home\",\"item\":\"https:\/\/www.riacanada.ca\/fr\/\"},{\"@type\":\"ListItem\",\"position\":2,\"name\":\"Finaliste de l\u2019Int\u00e9gration (2022)\"}]},{\"@type\":\"WebSite\",\"@id\":\"https:\/\/www.riacanada.ca\/fr\/#website\",\"url\":\"https:\/\/www.riacanada.ca\/fr\/\",\"name\":\"Responsible Investment Association\",\"description\":\"Canada&#039;s membership network for responsible investment\",\"potentialAction\":[{\"@type\":\"SearchAction\",\"target\":{\"@type\":\"EntryPoint\",\"urlTemplate\":\"https:\/\/www.riacanada.ca\/fr\/?s={search_term_string}\"},\"query-input\":\"required name=search_term_string\"}],\"inLanguage\":\"fr-FR\"}]}<\/script>\n<!-- \/ Yoast SEO plugin. -->","yoast_head_json":{"title":"Finaliste de l\u2019Int\u00e9gration (2022) - Responsible Investment Association","robots":{"index":"index","follow":"follow","max-snippet":"max-snippet:-1","max-image-preview":"max-image-preview:large","max-video-preview":"max-video-preview:-1"},"canonical":"https:\/\/www.riacanada.ca\/fr\/finaliste-de-lintegration-2022\/","og_locale":"fr_FR","og_type":"article","og_title":"Finaliste de l\u2019Int\u00e9gration (2022) - Responsible Investment Association","og_description":"Manuvie Projet&nbsp;: L\u2019int\u00e9gration des cotes de Niveau de Progression de Gestion de placements Manuvie D\u00e8s le d\u00e9but du parcours de Gestion de placements Manuvie en mati\u00e8re de d\u00e9veloppement durable, cette derni\u00e8re a estim\u00e9 qu\u2019un cadre et un processus de gouvernance clairs permettant de suivre les progr\u00e8s des \u00e9quipes de placement seraient essentiels \u00e0 sa r\u00e9ussite. [&hellip;]","og_url":"https:\/\/www.riacanada.ca\/fr\/finaliste-de-lintegration-2022\/","og_site_name":"Responsible Investment Association","article_modified_time":"2022-06-06T12:59:00+00:00","og_image":[{"url":"https:\/\/www.riacanada.ca\/content\/uploads\/2019\/05\/Manulife-Investment-Management-logo.png"}],"twitter_card":"summary_large_image","twitter_misc":{"Dur\u00e9e de lecture estim\u00e9e":"2 minutes"},"schema":{"@context":"https:\/\/schema.org","@graph":[{"@type":"WebPage","@id":"https:\/\/www.riacanada.ca\/fr\/finaliste-de-lintegration-2022\/","url":"https:\/\/www.riacanada.ca\/fr\/finaliste-de-lintegration-2022\/","name":"Finaliste de l\u2019Int\u00e9gration (2022) - Responsible Investment Association","isPartOf":{"@id":"https:\/\/www.riacanada.ca\/fr\/#website"},"datePublished":"2022-06-06T12:58:06+00:00","dateModified":"2022-06-06T12:59:00+00:00","breadcrumb":{"@id":"https:\/\/www.riacanada.ca\/fr\/finaliste-de-lintegration-2022\/#breadcrumb"},"inLanguage":"fr-FR","potentialAction":[{"@type":"ReadAction","target":["https:\/\/www.riacanada.ca\/fr\/finaliste-de-lintegration-2022\/"]}]},{"@type":"BreadcrumbList","@id":"https:\/\/www.riacanada.ca\/fr\/finaliste-de-lintegration-2022\/#breadcrumb","itemListElement":[{"@type":"ListItem","position":1,"name":"Home","item":"https:\/\/www.riacanada.ca\/fr\/"},{"@type":"ListItem","position":2,"name":"Finaliste de l\u2019Int\u00e9gration (2022)"}]},{"@type":"WebSite","@id":"https:\/\/www.riacanada.ca\/fr\/#website","url":"https:\/\/www.riacanada.ca\/fr\/","name":"Responsible Investment Association","description":"Canada&#039;s membership network for responsible investment","potentialAction":[{"@type":"SearchAction","target":{"@type":"EntryPoint","urlTemplate":"https:\/\/www.riacanada.ca\/fr\/?s={search_term_string}"},"query-input":"required name=search_term_string"}],"inLanguage":"fr-FR"}]}},"_links":{"self":[{"href":"https:\/\/www.riacanada.ca\/fr\/wp-json\/wp\/v2\/pages\/65101"}],"collection":[{"href":"https:\/\/www.riacanada.ca\/fr\/wp-json\/wp\/v2\/pages"}],"about":[{"href":"https:\/\/www.riacanada.ca\/fr\/wp-json\/wp\/v2\/types\/page"}],"author":[{"embeddable":true,"href":"https:\/\/www.riacanada.ca\/fr\/wp-json\/wp\/v2\/users\/7472"}],"replies":[{"embeddable":true,"href":"https:\/\/www.riacanada.ca\/fr\/wp-json\/wp\/v2\/comments?post=65101"}],"version-history":[{"count":9,"href":"https:\/\/www.riacanada.ca\/fr\/wp-json\/wp\/v2\/pages\/65101\/revisions"}],"predecessor-version":[{"id":65237,"href":"https:\/\/www.riacanada.ca\/fr\/wp-json\/wp\/v2\/pages\/65101\/revisions\/65237"}],"wp:attachment":[{"href":"https:\/\/www.riacanada.ca\/fr\/wp-json\/wp\/v2\/media?parent=65101"}],"curies":[{"name":"wp","href":"https:\/\/api.w.org\/{rel}","templated":true}]}}