{"id":65110,"date":"2022-06-06T08:59:28","date_gmt":"2022-06-06T12:59:28","guid":{"rendered":"https:\/\/www.riacanada.ca\/?page_id=65110"},"modified":"2022-06-09T14:04:30","modified_gmt":"2022-06-09T18:04:30","slug":"gagnant-de-lintegration-2022","status":"publish","type":"page","link":"https:\/\/www.riacanada.ca\/fr\/gagnant-de-lintegration-2022\/","title":{"rendered":"Gagnant de l\u2019Int\u00e9gration (2022)"},"content":{"rendered":"\n<div class=\"wp-block-image\"><figure class=\"aligncenter is-resized\"><img decoding=\"async\" loading=\"lazy\" src=\"https:\/\/www.riacanada.ca\/content\/uploads\/2021\/01\/RGPInvestissements_PMS7691-1000x500.jpg\" alt=\"\" class=\"wp-image-49757\" width=\"314\" height=\"157\"\/><\/figure><\/div>\n\n\n\n<p style=\"text-align:center\"><strong>RGP Investissements<\/strong><\/p>\n\n\n\n<p style=\"text-align:center\"><strong><em>Projet<\/em>&nbsp;: RGP Investissements \u2013 Lancement de la trousse d\u2019IR pour les conseillers<\/strong><\/p>\n\n\n\n<p style=\"text-align:left\">RGP Investissements a comme but d\u2019aider les conseillers \u00e0 maximiser la valeur qu\u2019ils offrent \u00e0 leurs clients. Lorsque l\u2019\u00e9quipe de RGP Investissements a \u00e9labor\u00e9 sa vision pour le lancement de sa trousse d\u2019outils d\u2019IR pour les conseillers en 2021, elle a adopt\u00e9 une approche \u00e0 multiples facettes, non seulement avec ses produits, mais aussi avec des outils uniques pour faciliter les conversations avec les consommateurs d\u2019IR \u00e0 travers le Canada.<br><\/p>\n\n\n\n<p style=\"text-align:left\"><strong>Lancement des portefeuilles Greenwise<\/strong><\/p>\n\n\n\n<ul><li style=\"text-align:left\">Les portefeuilles ESG\/d\u2019impact enti\u00e8rement ind\u00e9pendant du Canada<\/li><li style=\"text-align:left\">Rapport d\u2019impact<\/li><li style=\"text-align:left\">267 conseillers avec une premi\u00e8re transaction<\/li><li style=\"text-align:left\">108 millions de dollars de ventes dans GW<\/li><\/ul>\n\n\n\n<p style=\"text-align:left\"><strong>Lancement de l\u2019outil de T\u00eate-\u00e0-t\u00eate ESG<\/strong><\/p>\n\n\n\n<ul><li style=\"text-align:left\">Un outil unique qui aide les conseillers \u00e0 comparer les principaux facteurs financiers et ESG\/de durabilit\u00e9 entre deux investissements<\/li><li style=\"text-align:left\">328 rapports g\u00e9n\u00e9r\u00e9s totalisant 32,4 millions de dollars analys\u00e9s<\/li><\/ul>\n\n\n\n<p style=\"text-align:left\"><strong>Lancement du site Web Greenwise<\/strong><\/p>\n\n\n\n<ul><li style=\"text-align:left\">https:\/\/portefeuillesgreenwise.com\/<\/li><li style=\"text-align:left\">Comprend des ressources pour aider les conseillers \u00e0 mettre en \u0153uvre l\u2019IR dans leur client\u00e8le<\/li><\/ul>\n\n\n\n<p style=\"text-align:left\"><strong>La s\u00e9rie de vid\u00e9o sur l\u2019investisseur responsable<\/strong><br><\/p>\n\n\n\n<ul><li style=\"text-align:left\">Qu\u2019est-ce que l\u2019investissement responsable?<\/li><li style=\"text-align:left\">Pourquoi les Portefeuilles Greenwise?<\/li><li style=\"text-align:left\">Pourquoi RGP plante-t-il des arbres? (Programme Planter un arbre)<\/li><\/ul>\n\n\n\n<p style=\"text-align:left\"><strong>Le programme Planter un arbre<\/strong><\/p>\n\n\n\n<ul><li style=\"text-align:left\">Partenariat avec One Tree Planted<\/li><li style=\"text-align:left\">RGP fait don de plus de 1 % des b\u00e9n\u00e9fices des portefeuilles Greenwise \u00e0 One Tree Planted<\/li><li style=\"text-align:left\">RGP Investments a plant\u00e9 plus de 14 000 arbres dans la For\u00eat amazonienne, en Ha\u00efti, en Indon\u00e9sie et en Colombie-Britannique<\/li><\/ul>\n\n\n\n<p style=\"text-align:left\"><strong>S\u00e9rie de webinaires<\/strong><\/p>\n\n\n\n<ul><li style=\"text-align:left\">Webinaire sur l\u2019investissement responsable<\/li><li style=\"text-align:left\">Plus de 450 conseillers au Canada y ont assist\u00e9<\/li><\/ul>\n\n\n\n<p style=\"text-align:left\"><strong>Partenariat avec le GiR pour ex\u00e9cuter les votes par procurations des fonds conform\u00e9ment \u00e0 la politique de vote par procuration des fonds RGP Investissements et aux valeurs de RGP Investissements.<\/strong><\/p>\n\n\n\n<hr class=\"wp-block-separator\"\/>\n\n\n\n<p style=\"text-align:left\"><strong><em>Finaliste<\/em><\/strong>: <strong>Gestion de placements Manuvie<\/strong><br><strong><em>Projet&nbsp;<\/em>: L\u2019int\u00e9gration des cotes de Niveau de Progression de Gestion de placements Manuvie<\/strong><br><\/p>\n\n\n\n<p style=\"text-align:left\">Les fiches de pointage des gagnants et des finalistes sont disponibles&nbsp;<a href=\"https:\/\/www.riacanada.ca\/content\/uploads\/2022\/06\/2022-Awards-Winner-Finalist-Scorecard-PUBLIC.xlsx-Integration.pdf\" target=\"_blank\" rel=\"noreferrer noopener\" aria-label=\"ici (opens in a new tab)\">ici<\/a>.<\/p>\n\n\n\n<p style=\"text-align:left\"><a href=\"https:\/\/www.riacanada.ca\/fr\/news\/prix-du-leadership-de-lair-2022-gagnants-et-finalistes\/\">En savoir plus sur les Prix du leadership de l\u2019AIR 2022.\ufeff<\/a><\/p>\n","protected":false},"excerpt":{"rendered":"<p>RGP Investissements Projet&nbsp;: RGP Investissements \u2013 Lancement de la trousse d\u2019IR pour les conseillers RGP Investissements a comme but d\u2019aider les conseillers \u00e0 maximiser la valeur qu\u2019ils offrent \u00e0 leurs clients. Lorsque l\u2019\u00e9quipe de RGP Investissements a \u00e9labor\u00e9 sa vision pour le lancement de sa trousse d\u2019outils d\u2019IR pour les conseillers en 2021, elle a [&hellip;]<\/p>\n","protected":false},"author":7472,"featured_media":0,"parent":0,"menu_order":0,"comment_status":"closed","ping_status":"closed","template":"","meta":{"footnotes":""},"acf":[],"yoast_head":"<!-- This site is optimized with the Yoast SEO plugin v21.0 - https:\/\/yoast.com\/wordpress\/plugins\/seo\/ -->\n<title>Gagnant de l\u2019Int\u00e9gration (2022) - Responsible Investment Association<\/title>\n<meta name=\"robots\" content=\"index, follow, max-snippet:-1, max-image-preview:large, max-video-preview:-1\" \/>\n<link rel=\"canonical\" href=\"https:\/\/www.riacanada.ca\/fr\/gagnant-de-lintegration-2022\/\" \/>\n<meta property=\"og:locale\" content=\"fr_FR\" \/>\n<meta property=\"og:type\" content=\"article\" \/>\n<meta property=\"og:title\" content=\"Gagnant de l\u2019Int\u00e9gration (2022) - Responsible Investment Association\" \/>\n<meta property=\"og:description\" content=\"RGP Investissements Projet&nbsp;: RGP Investissements \u2013 Lancement de la trousse d\u2019IR pour les conseillers RGP Investissements a comme but d\u2019aider les conseillers \u00e0 maximiser la valeur qu\u2019ils offrent \u00e0 leurs clients. Lorsque l\u2019\u00e9quipe de RGP Investissements a \u00e9labor\u00e9 sa vision pour le lancement de sa trousse d\u2019outils d\u2019IR pour les conseillers en 2021, elle a [&hellip;]\" \/>\n<meta property=\"og:url\" content=\"https:\/\/www.riacanada.ca\/fr\/gagnant-de-lintegration-2022\/\" \/>\n<meta property=\"og:site_name\" content=\"Responsible Investment Association\" \/>\n<meta property=\"article:modified_time\" content=\"2022-06-09T18:04:30+00:00\" \/>\n<meta property=\"og:image\" content=\"https:\/\/www.riacanada.ca\/content\/uploads\/2021\/01\/RGPInvestissements_PMS7691-1000x500.jpg\" \/>\n<meta name=\"twitter:card\" content=\"summary_large_image\" \/>\n<meta name=\"twitter:label1\" content=\"Est. reading time\" \/>\n\t<meta name=\"twitter:data1\" content=\"2 minutes\" \/>\n<script type=\"application\/ld+json\" class=\"yoast-schema-graph\">{\"@context\":\"https:\/\/schema.org\",\"@graph\":[{\"@type\":\"WebPage\",\"@id\":\"https:\/\/www.riacanada.ca\/fr\/gagnant-de-lintegration-2022\/\",\"url\":\"https:\/\/www.riacanada.ca\/fr\/gagnant-de-lintegration-2022\/\",\"name\":\"Gagnant de l\u2019Int\u00e9gration (2022) - Responsible Investment Association\",\"isPartOf\":{\"@id\":\"https:\/\/www.riacanada.ca\/fr\/#website\"},\"datePublished\":\"2022-06-06T12:59:28+00:00\",\"dateModified\":\"2022-06-09T18:04:30+00:00\",\"breadcrumb\":{\"@id\":\"https:\/\/www.riacanada.ca\/fr\/gagnant-de-lintegration-2022\/#breadcrumb\"},\"inLanguage\":\"fr-CA\",\"potentialAction\":[{\"@type\":\"ReadAction\",\"target\":[\"https:\/\/www.riacanada.ca\/fr\/gagnant-de-lintegration-2022\/\"]}]},{\"@type\":\"BreadcrumbList\",\"@id\":\"https:\/\/www.riacanada.ca\/fr\/gagnant-de-lintegration-2022\/#breadcrumb\",\"itemListElement\":[{\"@type\":\"ListItem\",\"position\":1,\"name\":\"Home\",\"item\":\"https:\/\/www.riacanada.ca\/fr\/\"},{\"@type\":\"ListItem\",\"position\":2,\"name\":\"Gagnant de l\u2019Int\u00e9gration (2022)\"}]},{\"@type\":\"WebSite\",\"@id\":\"https:\/\/www.riacanada.ca\/fr\/#website\",\"url\":\"https:\/\/www.riacanada.ca\/fr\/\",\"name\":\"Responsible Investment Association\",\"description\":\"Canada&#039;s membership network for responsible investment\",\"potentialAction\":[{\"@type\":\"SearchAction\",\"target\":{\"@type\":\"EntryPoint\",\"urlTemplate\":\"https:\/\/www.riacanada.ca\/fr\/?s={search_term_string}\"},\"query-input\":\"required name=search_term_string\"}],\"inLanguage\":\"fr-CA\"}]}<\/script>\n<!-- \/ Yoast SEO plugin. -->","yoast_head_json":{"title":"Gagnant de l\u2019Int\u00e9gration (2022) - Responsible Investment Association","robots":{"index":"index","follow":"follow","max-snippet":"max-snippet:-1","max-image-preview":"max-image-preview:large","max-video-preview":"max-video-preview:-1"},"canonical":"https:\/\/www.riacanada.ca\/fr\/gagnant-de-lintegration-2022\/","og_locale":"fr_FR","og_type":"article","og_title":"Gagnant de l\u2019Int\u00e9gration (2022) - Responsible Investment Association","og_description":"RGP Investissements Projet&nbsp;: RGP Investissements \u2013 Lancement de la trousse d\u2019IR pour les conseillers RGP Investissements a comme but d\u2019aider les conseillers \u00e0 maximiser la valeur qu\u2019ils offrent \u00e0 leurs clients. Lorsque l\u2019\u00e9quipe de RGP Investissements a \u00e9labor\u00e9 sa vision pour le lancement de sa trousse d\u2019outils d\u2019IR pour les conseillers en 2021, elle a [&hellip;]","og_url":"https:\/\/www.riacanada.ca\/fr\/gagnant-de-lintegration-2022\/","og_site_name":"Responsible Investment Association","article_modified_time":"2022-06-09T18:04:30+00:00","og_image":[{"url":"https:\/\/www.riacanada.ca\/content\/uploads\/2021\/01\/RGPInvestissements_PMS7691-1000x500.jpg"}],"twitter_card":"summary_large_image","twitter_misc":{"Est. reading time":"2 minutes"},"schema":{"@context":"https:\/\/schema.org","@graph":[{"@type":"WebPage","@id":"https:\/\/www.riacanada.ca\/fr\/gagnant-de-lintegration-2022\/","url":"https:\/\/www.riacanada.ca\/fr\/gagnant-de-lintegration-2022\/","name":"Gagnant de l\u2019Int\u00e9gration (2022) - Responsible Investment Association","isPartOf":{"@id":"https:\/\/www.riacanada.ca\/fr\/#website"},"datePublished":"2022-06-06T12:59:28+00:00","dateModified":"2022-06-09T18:04:30+00:00","breadcrumb":{"@id":"https:\/\/www.riacanada.ca\/fr\/gagnant-de-lintegration-2022\/#breadcrumb"},"inLanguage":"fr-CA","potentialAction":[{"@type":"ReadAction","target":["https:\/\/www.riacanada.ca\/fr\/gagnant-de-lintegration-2022\/"]}]},{"@type":"BreadcrumbList","@id":"https:\/\/www.riacanada.ca\/fr\/gagnant-de-lintegration-2022\/#breadcrumb","itemListElement":[{"@type":"ListItem","position":1,"name":"Home","item":"https:\/\/www.riacanada.ca\/fr\/"},{"@type":"ListItem","position":2,"name":"Gagnant de l\u2019Int\u00e9gration (2022)"}]},{"@type":"WebSite","@id":"https:\/\/www.riacanada.ca\/fr\/#website","url":"https:\/\/www.riacanada.ca\/fr\/","name":"Responsible Investment Association","description":"Canada&#039;s membership network for responsible investment","potentialAction":[{"@type":"SearchAction","target":{"@type":"EntryPoint","urlTemplate":"https:\/\/www.riacanada.ca\/fr\/?s={search_term_string}"},"query-input":"required name=search_term_string"}],"inLanguage":"fr-CA"}]}},"_links":{"self":[{"href":"https:\/\/www.riacanada.ca\/fr\/wp-json\/wp\/v2\/pages\/65110"}],"collection":[{"href":"https:\/\/www.riacanada.ca\/fr\/wp-json\/wp\/v2\/pages"}],"about":[{"href":"https:\/\/www.riacanada.ca\/fr\/wp-json\/wp\/v2\/types\/page"}],"author":[{"embeddable":true,"href":"https:\/\/www.riacanada.ca\/fr\/wp-json\/wp\/v2\/users\/7472"}],"replies":[{"embeddable":true,"href":"https:\/\/www.riacanada.ca\/fr\/wp-json\/wp\/v2\/comments?post=65110"}],"version-history":[{"count":3,"href":"https:\/\/www.riacanada.ca\/fr\/wp-json\/wp\/v2\/pages\/65110\/revisions"}],"predecessor-version":[{"id":65438,"href":"https:\/\/www.riacanada.ca\/fr\/wp-json\/wp\/v2\/pages\/65110\/revisions\/65438"}],"wp:attachment":[{"href":"https:\/\/www.riacanada.ca\/fr\/wp-json\/wp\/v2\/media?parent=65110"}],"curies":[{"name":"wp","href":"https:\/\/api.w.org\/{rel}","templated":true}]}}