{"id":65114,"date":"2022-06-06T08:08:37","date_gmt":"2022-06-06T12:08:37","guid":{"rendered":"https:\/\/www.riacanada.ca\/?page_id=65114"},"modified":"2022-06-09T16:32:52","modified_gmt":"2022-06-09T20:32:52","slug":"gagnant-de-leducation-du-marche-2022","status":"publish","type":"page","link":"https:\/\/www.riacanada.ca\/fr\/gagnant-de-leducation-du-marche-2022\/","title":{"rendered":"Gagnant de l\u2019\u00c9ducation du march\u00e9 (2022)"},"content":{"rendered":"\n<div class=\"wp-block-image\"><figure class=\"aligncenter is-resized\"><img decoding=\"async\" loading=\"lazy\" src=\"https:\/\/www.riacanada.ca\/content\/uploads\/2021\/01\/RGPInvestissements_PMS7691-1000x500.jpg\" alt=\"\" class=\"wp-image-49757\" width=\"334\" height=\"167\"\/><\/figure><\/div>\n\n\n\n<p style=\"text-align:center\"><strong>RGP Investissements<\/strong><\/p>\n\n\n\n<p style=\"text-align:center\"><strong><em>Projet<\/em>\u00a0: Analyse Face-\u00e0-face ESG<\/strong><\/p>\n\n\n\n<p style=\"text-align:left\">Lanc\u00e9 comme une mise \u00e0 jour majeure de l\u2019outil face-\u00e0-face que RGP Investissements utilise au Canada depuis huit ans, RGP Investissements voulait cr\u00e9er un outil qui aiderait les conseillers \u00e0 \u00e9duquer, \u00e0 mobiliser et \u00e0 conseiller leurs clients sur le sujet des placements ESG\/responsables.<\/p>\n\n\n\n<p style=\"text-align:left\">\u00c0 ce jour, les conseillers au Canada ont une connaissance approfondie des placements responsables, mais RGP Investissements croyait qu&rsquo;il y avait une lacune dans les outils aidant les conseillers \u00e0 mobiliser efficacement leurs clients. L&rsquo;outil de RGP Investissements comble cette lacune de fa\u00e7on efficace en aidant les conseillers \u00e0 comparer non seulement la surperformance financi\u00e8re d&rsquo;un portefeuille recommand\u00e9, mais aussi la fa\u00e7on dont le portefeuille peut surperformer du point de vue des risques ESG et de la durabilit\u00e9.<\/p>\n\n\n\n<p style=\"text-align:left\">Le rapport de RGP Investissements \u00e9limine une grande partie du flou de l&rsquo;exp\u00e9rience \u00e9ducative du client en fournissant aux conseillers une comparaison d\u2019un portefeuille d&rsquo;investissement existant r\u00e9el \u00e0 un portefeuille recommand\u00e9 \u00e0 travers les deux lentilles des facteurs financiers et durables. Au lieu d&rsquo;avoir une conversation au niveau du \u00a0\u00bb concept \u00ab\u00a0, RGP Investments aide les conseillers \u00e0 donner aux clients des informations sur leur propre \u00e9tude de cas.<\/p>\n\n\n\n<p style=\"text-align:left\">Les conseillers qui ont utilis\u00e9 cet outil au cours de l&rsquo;ann\u00e9e derni\u00e8re ont fourni des commentaires ph\u00e9nom\u00e9naux sur la capacit\u00e9 \u00e0 mobiliser les clients sur le sujet de l&rsquo;IR, ce qui a conduit \u00e0 une augmentation substantielle des investissements dans des fonds ESG\/responsables dans leur client\u00e8le.<\/p>\n\n\n\n<hr class=\"wp-block-separator\"\/>\n\n\n\n<p style=\"text-align:left\"><strong><em>Finaliste<\/em><\/strong> : <strong>Desjardins<\/strong><br><strong><em>Projet&nbsp;<\/em>: Campagne d\u2019\u00e9ducation \u00e0 l\u2019IR&nbsp;2021&nbsp;: rendre l\u2019IR accessible \u00e0 tous \u00e0 l\u2019aide d\u2019une approche bas\u00e9e sur les besoins<\/strong><br><\/p>\n\n\n\n<p style=\"text-align:left\">Les fiches de pointage des gagnants et des finalistes sont disponibles&nbsp;<a href=\"https:\/\/www.riacanada.ca\/content\/uploads\/2022\/06\/2022-Awards-Winner-Finalist-Scorecard-PUBLIC.xlsx-Market-Education.pdf\" target=\"_blank\" rel=\"noreferrer noopener\" aria-label=\"ici (opens in a new tab)\">ici<\/a>.<\/p>\n\n\n\n<p style=\"text-align:left\"><a href=\"https:\/\/www.riacanada.ca\/fr\/news\/prix-du-leadership-de-lair-2022-gagnants-et-finalistes\/\">En savoir plus sur les Prix du leadership de l\u2019AIR 2022.\ufeff<\/a><br><\/p>\n","protected":false},"excerpt":{"rendered":"<p>RGP Investissements Projet\u00a0: Analyse Face-\u00e0-face ESG Lanc\u00e9 comme une mise \u00e0 jour majeure de l\u2019outil face-\u00e0-face que RGP Investissements utilise au Canada depuis huit ans, RGP Investissements voulait cr\u00e9er un outil qui aiderait les conseillers \u00e0 \u00e9duquer, \u00e0 mobiliser et \u00e0 conseiller leurs clients sur le sujet des placements ESG\/responsables. \u00c0 ce jour, les conseillers [&hellip;]<\/p>\n","protected":false},"author":7472,"featured_media":0,"parent":0,"menu_order":0,"comment_status":"closed","ping_status":"closed","template":"","meta":{"footnotes":""},"acf":[],"yoast_head":"<!-- This site is optimized with the Yoast SEO plugin v21.0 - https:\/\/yoast.com\/wordpress\/plugins\/seo\/ -->\n<title>Gagnant de l\u2019\u00c9ducation du march\u00e9 (2022) - Responsible Investment Association<\/title>\n<meta name=\"robots\" content=\"index, follow, max-snippet:-1, max-image-preview:large, max-video-preview:-1\" \/>\n<link rel=\"canonical\" href=\"https:\/\/www.riacanada.ca\/fr\/gagnant-de-leducation-du-marche-2022\/\" \/>\n<meta property=\"og:locale\" content=\"fr_FR\" \/>\n<meta property=\"og:type\" content=\"article\" \/>\n<meta property=\"og:title\" content=\"Gagnant de l\u2019\u00c9ducation du march\u00e9 (2022) - Responsible Investment Association\" \/>\n<meta property=\"og:description\" content=\"RGP Investissements Projet\u00a0: Analyse Face-\u00e0-face ESG Lanc\u00e9 comme une mise \u00e0 jour majeure de l\u2019outil face-\u00e0-face que RGP Investissements utilise au Canada depuis huit ans, RGP Investissements voulait cr\u00e9er un outil qui aiderait les conseillers \u00e0 \u00e9duquer, \u00e0 mobiliser et \u00e0 conseiller leurs clients sur le sujet des placements ESG\/responsables. \u00c0 ce jour, les conseillers [&hellip;]\" \/>\n<meta property=\"og:url\" content=\"https:\/\/www.riacanada.ca\/fr\/gagnant-de-leducation-du-marche-2022\/\" \/>\n<meta property=\"og:site_name\" content=\"Responsible Investment Association\" \/>\n<meta property=\"article:modified_time\" content=\"2022-06-09T20:32:52+00:00\" \/>\n<meta property=\"og:image\" content=\"https:\/\/www.riacanada.ca\/content\/uploads\/2021\/01\/RGPInvestissements_PMS7691-1000x500.jpg\" \/>\n<meta name=\"twitter:card\" content=\"summary_large_image\" \/>\n<meta name=\"twitter:label1\" content=\"Dur\u00e9e de lecture estim\u00e9e\" \/>\n\t<meta name=\"twitter:data1\" content=\"1 minute\" \/>\n<script type=\"application\/ld+json\" class=\"yoast-schema-graph\">{\"@context\":\"https:\/\/schema.org\",\"@graph\":[{\"@type\":\"WebPage\",\"@id\":\"https:\/\/www.riacanada.ca\/fr\/gagnant-de-leducation-du-marche-2022\/\",\"url\":\"https:\/\/www.riacanada.ca\/fr\/gagnant-de-leducation-du-marche-2022\/\",\"name\":\"Gagnant de l\u2019\u00c9ducation du march\u00e9 (2022) - Responsible Investment Association\",\"isPartOf\":{\"@id\":\"https:\/\/www.riacanada.ca\/fr\/#website\"},\"datePublished\":\"2022-06-06T12:08:37+00:00\",\"dateModified\":\"2022-06-09T20:32:52+00:00\",\"breadcrumb\":{\"@id\":\"https:\/\/www.riacanada.ca\/fr\/gagnant-de-leducation-du-marche-2022\/#breadcrumb\"},\"inLanguage\":\"fr-FR\",\"potentialAction\":[{\"@type\":\"ReadAction\",\"target\":[\"https:\/\/www.riacanada.ca\/fr\/gagnant-de-leducation-du-marche-2022\/\"]}]},{\"@type\":\"BreadcrumbList\",\"@id\":\"https:\/\/www.riacanada.ca\/fr\/gagnant-de-leducation-du-marche-2022\/#breadcrumb\",\"itemListElement\":[{\"@type\":\"ListItem\",\"position\":1,\"name\":\"Home\",\"item\":\"https:\/\/www.riacanada.ca\/fr\/\"},{\"@type\":\"ListItem\",\"position\":2,\"name\":\"Gagnant de l\u2019\u00c9ducation du march\u00e9 (2022)\"}]},{\"@type\":\"WebSite\",\"@id\":\"https:\/\/www.riacanada.ca\/fr\/#website\",\"url\":\"https:\/\/www.riacanada.ca\/fr\/\",\"name\":\"Responsible Investment Association\",\"description\":\"Canada&#039;s membership network for responsible investment\",\"potentialAction\":[{\"@type\":\"SearchAction\",\"target\":{\"@type\":\"EntryPoint\",\"urlTemplate\":\"https:\/\/www.riacanada.ca\/fr\/?s={search_term_string}\"},\"query-input\":\"required name=search_term_string\"}],\"inLanguage\":\"fr-FR\"}]}<\/script>\n<!-- \/ Yoast SEO plugin. -->","yoast_head_json":{"title":"Gagnant de l\u2019\u00c9ducation du march\u00e9 (2022) - Responsible Investment Association","robots":{"index":"index","follow":"follow","max-snippet":"max-snippet:-1","max-image-preview":"max-image-preview:large","max-video-preview":"max-video-preview:-1"},"canonical":"https:\/\/www.riacanada.ca\/fr\/gagnant-de-leducation-du-marche-2022\/","og_locale":"fr_FR","og_type":"article","og_title":"Gagnant de l\u2019\u00c9ducation du march\u00e9 (2022) - Responsible Investment Association","og_description":"RGP Investissements Projet\u00a0: Analyse Face-\u00e0-face ESG Lanc\u00e9 comme une mise \u00e0 jour majeure de l\u2019outil face-\u00e0-face que RGP Investissements utilise au Canada depuis huit ans, RGP Investissements voulait cr\u00e9er un outil qui aiderait les conseillers \u00e0 \u00e9duquer, \u00e0 mobiliser et \u00e0 conseiller leurs clients sur le sujet des placements ESG\/responsables. \u00c0 ce jour, les conseillers [&hellip;]","og_url":"https:\/\/www.riacanada.ca\/fr\/gagnant-de-leducation-du-marche-2022\/","og_site_name":"Responsible Investment Association","article_modified_time":"2022-06-09T20:32:52+00:00","og_image":[{"url":"https:\/\/www.riacanada.ca\/content\/uploads\/2021\/01\/RGPInvestissements_PMS7691-1000x500.jpg"}],"twitter_card":"summary_large_image","twitter_misc":{"Dur\u00e9e de lecture estim\u00e9e":"1 minute"},"schema":{"@context":"https:\/\/schema.org","@graph":[{"@type":"WebPage","@id":"https:\/\/www.riacanada.ca\/fr\/gagnant-de-leducation-du-marche-2022\/","url":"https:\/\/www.riacanada.ca\/fr\/gagnant-de-leducation-du-marche-2022\/","name":"Gagnant de l\u2019\u00c9ducation du march\u00e9 (2022) - Responsible Investment Association","isPartOf":{"@id":"https:\/\/www.riacanada.ca\/fr\/#website"},"datePublished":"2022-06-06T12:08:37+00:00","dateModified":"2022-06-09T20:32:52+00:00","breadcrumb":{"@id":"https:\/\/www.riacanada.ca\/fr\/gagnant-de-leducation-du-marche-2022\/#breadcrumb"},"inLanguage":"fr-FR","potentialAction":[{"@type":"ReadAction","target":["https:\/\/www.riacanada.ca\/fr\/gagnant-de-leducation-du-marche-2022\/"]}]},{"@type":"BreadcrumbList","@id":"https:\/\/www.riacanada.ca\/fr\/gagnant-de-leducation-du-marche-2022\/#breadcrumb","itemListElement":[{"@type":"ListItem","position":1,"name":"Home","item":"https:\/\/www.riacanada.ca\/fr\/"},{"@type":"ListItem","position":2,"name":"Gagnant de l\u2019\u00c9ducation du march\u00e9 (2022)"}]},{"@type":"WebSite","@id":"https:\/\/www.riacanada.ca\/fr\/#website","url":"https:\/\/www.riacanada.ca\/fr\/","name":"Responsible Investment Association","description":"Canada&#039;s membership network for responsible investment","potentialAction":[{"@type":"SearchAction","target":{"@type":"EntryPoint","urlTemplate":"https:\/\/www.riacanada.ca\/fr\/?s={search_term_string}"},"query-input":"required name=search_term_string"}],"inLanguage":"fr-FR"}]}},"_links":{"self":[{"href":"https:\/\/www.riacanada.ca\/fr\/wp-json\/wp\/v2\/pages\/65114"}],"collection":[{"href":"https:\/\/www.riacanada.ca\/fr\/wp-json\/wp\/v2\/pages"}],"about":[{"href":"https:\/\/www.riacanada.ca\/fr\/wp-json\/wp\/v2\/types\/page"}],"author":[{"embeddable":true,"href":"https:\/\/www.riacanada.ca\/fr\/wp-json\/wp\/v2\/users\/7472"}],"replies":[{"embeddable":true,"href":"https:\/\/www.riacanada.ca\/fr\/wp-json\/wp\/v2\/comments?post=65114"}],"version-history":[{"count":5,"href":"https:\/\/www.riacanada.ca\/fr\/wp-json\/wp\/v2\/pages\/65114\/revisions"}],"predecessor-version":[{"id":65452,"href":"https:\/\/www.riacanada.ca\/fr\/wp-json\/wp\/v2\/pages\/65114\/revisions\/65452"}],"wp:attachment":[{"href":"https:\/\/www.riacanada.ca\/fr\/wp-json\/wp\/v2\/media?parent=65114"}],"curies":[{"name":"wp","href":"https:\/\/api.w.org\/{rel}","templated":true}]}}