{"id":65118,"date":"2022-06-06T08:55:58","date_gmt":"2022-06-06T12:55:58","guid":{"rendered":"https:\/\/www.riacanada.ca\/?page_id=65118"},"modified":"2022-06-06T08:57:25","modified_gmt":"2022-06-06T12:57:25","slug":"finaliste-de-leducation-du-marche-2022","status":"publish","type":"page","link":"https:\/\/www.riacanada.ca\/fr\/finaliste-de-leducation-du-marche-2022\/","title":{"rendered":"Finaliste de l\u2019\u00c9ducation du march\u00e9 (2022)"},"content":{"rendered":"\n<div class=\"wp-block-image\"><figure class=\"aligncenter is-resized\"><img decoding=\"async\" loading=\"lazy\" src=\"https:\/\/www.riacanada.ca\/content\/uploads\/2018\/10\/d15-desjardins-logo-rgb-1000x305.png\" alt=\"\" class=\"wp-image-43187\" width=\"357\" height=\"108\" srcset=\"https:\/\/www.riacanada.ca\/content\/uploads\/2018\/10\/d15-desjardins-logo-rgb-1000x305.png 1000w, https:\/\/www.riacanada.ca\/content\/uploads\/2018\/10\/d15-desjardins-logo-rgb-500x153.png 500w, https:\/\/www.riacanada.ca\/content\/uploads\/2018\/10\/d15-desjardins-logo-rgb-768x234.png 768w, https:\/\/www.riacanada.ca\/content\/uploads\/2018\/10\/d15-desjardins-logo-rgb.png 1373w\" sizes=\"(max-width: 357px) 100vw, 357px\" \/><\/figure><\/div>\n\n\n\n<p style=\"text-align:center\"><strong>Desjardins<\/strong><\/p>\n\n\n\n<p style=\"text-align:center\"><strong><em>Projet<\/em> : Campagne d\u2019\u00e9ducation \u00e0 l\u2019IR 2021 : rendre l\u2019IR accessible \u00e0 tous \u00e0 l\u2019aide d\u2019une approche bas\u00e9e sur les besoins<\/strong><\/p>\n\n\n\n<p style=\"text-align:left\">S\u2019appuyant sur ses valeurs organisationnelles fondamentales et son engagement de longue date envers l\u2019IR, Desjardins s\u2019est donn\u00e9 pour mission d\u2019\u00eatre l\u2019institution financi\u00e8re canadienne la plus impliqu\u00e9e dans l\u2019\u00e9ducation et la d\u00e9mocratisation de l\u2019IR. Pour remplir cette mission, Desjardins a construit sa campagne d\u2019\u00e9ducation sur l\u2019IR&nbsp;2021 \u00e0 travers un processus en deux \u00e9tapes&nbsp;: <br><\/p>\n\n\n\n<p style=\"text-align:left\">1. Recueillir des donn\u00e9es sur les obstacles \u00e0 l\u2019int\u00e9gration de l\u2019IR et sur les besoins et priorit\u00e9s des investisseurs. Activit\u00e9s&nbsp;:&nbsp;<br>a. la commande d\u2019un sondage sur l\u2019IR aupr\u00e8s de 2&nbsp;000&nbsp;Canadiens&nbsp;<br>b. le parrainage conjoint du Sondage annuel d\u2019opinion des investisseurs de l\u2019AIR&nbsp;<br>c. la consultation des conseillers financiers Desjardins&nbsp;<br>d. le recueil de t\u00e9moignages d\u2019investisseurs de Desjardins.&nbsp;&nbsp;<br><\/p>\n\n\n\n<p style=\"text-align:left\">2. \u00c9laborer des outils pour les investisseurs et les conseillers financiers en utilisant les r\u00e9sultats de l\u2019\u00e9tape&nbsp;1.<\/p>\n\n\n\n<p style=\"text-align:left\"><strong>Principales constatations&nbsp;: <br><\/strong>a) il y a un \u00e9cart de plus de 50&nbsp;% entre l\u2019int\u00e9r\u00eat de l\u2019investisseur et la conversation sur le sujet avec son conseiller financier, et <br>b) la premi\u00e8re raison pour laquelle les investisseurs s\u2019int\u00e9ressent \u00e0 l\u2019IR est leur d\u00e9sir de contribuer \u00e0 des r\u00e9sultats durables. <\/p>\n\n\n\n<p style=\"text-align:left\"><strong>R\u00e9sultats&nbsp;:&nbsp;<br><\/strong>a. Une formation actualis\u00e9e d\u2019une heure sur l\u2019IR pour les conseillers financiers de premi\u00e8re ligne de Desjardins ax\u00e9e sur leurs besoins sp\u00e9cifiques\u2009;&nbsp;<br>b. Une bo\u00eete \u00e0 outils pour ces conseillers, y compris des FAQ, des phrases pour lancer la conversation, etc.\u2009;&nbsp;<br>c. des \u00ab&nbsp;\u00e9tiquettes ESG&nbsp;\u00bb, c\u2019est-\u00e0-dire des exemples tangibles de r\u00e9sultats durables des produits d\u2019IR mises \u00e0 la disposition des conseillers financiers et des investisseurs\u2009;&nbsp;<br>d. des activit\u00e9s de sensibilisation s\u2019adressant directement aux consommateurs, notamment des t\u00e9moignages de vrais membres de Desjardins et du contenu \u00e9ducatif dans les m\u00e9dias grand public.<br><\/p>\n\n\n\n<hr class=\"wp-block-separator\"\/>\n\n\n\n<p>Les fiches de pointage des gagnants et des finalistes sont disponibles\u00a0<a href=\"https:\/\/www.riacanada.ca\/content\/uploads\/2022\/06\/2022-Awards-Winner-Finalist-Scorecard-PUBLIC.xlsx-Market-Education.pdf\" target=\"_blank\" rel=\"noreferrer noopener\" aria-label=\"ici (opens in a new tab)\">ici<\/a>.<\/p>\n\n\n\n<p><a href=\"https:\/\/www.riacanada.ca\/fr\/news\/prix-du-leadership-de-lair-2022-gagnants-et-finalistes\/\">En savoir plus sur les Prix du leadership de l\u2019AIR 2022.\ufeff<\/a><br><\/p>\n","protected":false},"excerpt":{"rendered":"<p>Desjardins Projet : Campagne d\u2019\u00e9ducation \u00e0 l\u2019IR 2021 : rendre l\u2019IR accessible \u00e0 tous \u00e0 l\u2019aide d\u2019une approche bas\u00e9e sur les besoins S\u2019appuyant sur ses valeurs organisationnelles fondamentales et son engagement de longue date envers l\u2019IR, Desjardins s\u2019est donn\u00e9 pour mission d\u2019\u00eatre l\u2019institution financi\u00e8re canadienne la plus impliqu\u00e9e dans l\u2019\u00e9ducation et la d\u00e9mocratisation de l\u2019IR. [&hellip;]<\/p>\n","protected":false},"author":7472,"featured_media":0,"parent":0,"menu_order":0,"comment_status":"closed","ping_status":"closed","template":"","meta":{"footnotes":""},"acf":[],"yoast_head":"<!-- This site is optimized with the Yoast SEO plugin v21.0 - https:\/\/yoast.com\/wordpress\/plugins\/seo\/ -->\n<title>Finaliste de l\u2019\u00c9ducation du march\u00e9 (2022) - Responsible Investment Association<\/title>\n<meta name=\"robots\" content=\"index, follow, max-snippet:-1, max-image-preview:large, max-video-preview:-1\" \/>\n<link rel=\"canonical\" href=\"https:\/\/www.riacanada.ca\/fr\/finaliste-de-leducation-du-marche-2022\/\" \/>\n<meta property=\"og:locale\" content=\"fr_FR\" \/>\n<meta property=\"og:type\" content=\"article\" \/>\n<meta property=\"og:title\" content=\"Finaliste de l\u2019\u00c9ducation du march\u00e9 (2022) - Responsible Investment Association\" \/>\n<meta property=\"og:description\" content=\"Desjardins Projet : Campagne d\u2019\u00e9ducation \u00e0 l\u2019IR 2021 : rendre l\u2019IR accessible \u00e0 tous \u00e0 l\u2019aide d\u2019une approche bas\u00e9e sur les besoins S\u2019appuyant sur ses valeurs organisationnelles fondamentales et son engagement de longue date envers l\u2019IR, Desjardins s\u2019est donn\u00e9 pour mission d\u2019\u00eatre l\u2019institution financi\u00e8re canadienne la plus impliqu\u00e9e dans l\u2019\u00e9ducation et la d\u00e9mocratisation de l\u2019IR. [&hellip;]\" \/>\n<meta property=\"og:url\" content=\"https:\/\/www.riacanada.ca\/fr\/finaliste-de-leducation-du-marche-2022\/\" \/>\n<meta property=\"og:site_name\" content=\"Responsible Investment Association\" \/>\n<meta property=\"article:modified_time\" content=\"2022-06-06T12:57:25+00:00\" \/>\n<meta property=\"og:image\" content=\"https:\/\/www.riacanada.ca\/content\/uploads\/2018\/10\/d15-desjardins-logo-rgb-1000x305.png\" \/>\n<meta name=\"twitter:card\" content=\"summary_large_image\" \/>\n<meta name=\"twitter:label1\" content=\"Dur\u00e9e de lecture estim\u00e9e\" \/>\n\t<meta name=\"twitter:data1\" content=\"2 minutes\" \/>\n<script type=\"application\/ld+json\" class=\"yoast-schema-graph\">{\"@context\":\"https:\/\/schema.org\",\"@graph\":[{\"@type\":\"WebPage\",\"@id\":\"https:\/\/www.riacanada.ca\/fr\/finaliste-de-leducation-du-marche-2022\/\",\"url\":\"https:\/\/www.riacanada.ca\/fr\/finaliste-de-leducation-du-marche-2022\/\",\"name\":\"Finaliste de l\u2019\u00c9ducation du march\u00e9 (2022) - Responsible Investment Association\",\"isPartOf\":{\"@id\":\"https:\/\/www.riacanada.ca\/fr\/#website\"},\"datePublished\":\"2022-06-06T12:55:58+00:00\",\"dateModified\":\"2022-06-06T12:57:25+00:00\",\"breadcrumb\":{\"@id\":\"https:\/\/www.riacanada.ca\/fr\/finaliste-de-leducation-du-marche-2022\/#breadcrumb\"},\"inLanguage\":\"fr-FR\",\"potentialAction\":[{\"@type\":\"ReadAction\",\"target\":[\"https:\/\/www.riacanada.ca\/fr\/finaliste-de-leducation-du-marche-2022\/\"]}]},{\"@type\":\"BreadcrumbList\",\"@id\":\"https:\/\/www.riacanada.ca\/fr\/finaliste-de-leducation-du-marche-2022\/#breadcrumb\",\"itemListElement\":[{\"@type\":\"ListItem\",\"position\":1,\"name\":\"Home\",\"item\":\"https:\/\/www.riacanada.ca\/fr\/\"},{\"@type\":\"ListItem\",\"position\":2,\"name\":\"Finaliste de l\u2019\u00c9ducation du march\u00e9 (2022)\"}]},{\"@type\":\"WebSite\",\"@id\":\"https:\/\/www.riacanada.ca\/fr\/#website\",\"url\":\"https:\/\/www.riacanada.ca\/fr\/\",\"name\":\"Responsible Investment Association\",\"description\":\"Canada&#039;s membership network for responsible investment\",\"potentialAction\":[{\"@type\":\"SearchAction\",\"target\":{\"@type\":\"EntryPoint\",\"urlTemplate\":\"https:\/\/www.riacanada.ca\/fr\/?s={search_term_string}\"},\"query-input\":\"required name=search_term_string\"}],\"inLanguage\":\"fr-FR\"}]}<\/script>\n<!-- \/ Yoast SEO plugin. -->","yoast_head_json":{"title":"Finaliste de l\u2019\u00c9ducation du march\u00e9 (2022) - Responsible Investment Association","robots":{"index":"index","follow":"follow","max-snippet":"max-snippet:-1","max-image-preview":"max-image-preview:large","max-video-preview":"max-video-preview:-1"},"canonical":"https:\/\/www.riacanada.ca\/fr\/finaliste-de-leducation-du-marche-2022\/","og_locale":"fr_FR","og_type":"article","og_title":"Finaliste de l\u2019\u00c9ducation du march\u00e9 (2022) - Responsible Investment Association","og_description":"Desjardins Projet : Campagne d\u2019\u00e9ducation \u00e0 l\u2019IR 2021 : rendre l\u2019IR accessible \u00e0 tous \u00e0 l\u2019aide d\u2019une approche bas\u00e9e sur les besoins S\u2019appuyant sur ses valeurs organisationnelles fondamentales et son engagement de longue date envers l\u2019IR, Desjardins s\u2019est donn\u00e9 pour mission d\u2019\u00eatre l\u2019institution financi\u00e8re canadienne la plus impliqu\u00e9e dans l\u2019\u00e9ducation et la d\u00e9mocratisation de l\u2019IR. [&hellip;]","og_url":"https:\/\/www.riacanada.ca\/fr\/finaliste-de-leducation-du-marche-2022\/","og_site_name":"Responsible Investment Association","article_modified_time":"2022-06-06T12:57:25+00:00","og_image":[{"url":"https:\/\/www.riacanada.ca\/content\/uploads\/2018\/10\/d15-desjardins-logo-rgb-1000x305.png"}],"twitter_card":"summary_large_image","twitter_misc":{"Dur\u00e9e de lecture estim\u00e9e":"2 minutes"},"schema":{"@context":"https:\/\/schema.org","@graph":[{"@type":"WebPage","@id":"https:\/\/www.riacanada.ca\/fr\/finaliste-de-leducation-du-marche-2022\/","url":"https:\/\/www.riacanada.ca\/fr\/finaliste-de-leducation-du-marche-2022\/","name":"Finaliste de l\u2019\u00c9ducation du march\u00e9 (2022) - Responsible Investment Association","isPartOf":{"@id":"https:\/\/www.riacanada.ca\/fr\/#website"},"datePublished":"2022-06-06T12:55:58+00:00","dateModified":"2022-06-06T12:57:25+00:00","breadcrumb":{"@id":"https:\/\/www.riacanada.ca\/fr\/finaliste-de-leducation-du-marche-2022\/#breadcrumb"},"inLanguage":"fr-FR","potentialAction":[{"@type":"ReadAction","target":["https:\/\/www.riacanada.ca\/fr\/finaliste-de-leducation-du-marche-2022\/"]}]},{"@type":"BreadcrumbList","@id":"https:\/\/www.riacanada.ca\/fr\/finaliste-de-leducation-du-marche-2022\/#breadcrumb","itemListElement":[{"@type":"ListItem","position":1,"name":"Home","item":"https:\/\/www.riacanada.ca\/fr\/"},{"@type":"ListItem","position":2,"name":"Finaliste de l\u2019\u00c9ducation du march\u00e9 (2022)"}]},{"@type":"WebSite","@id":"https:\/\/www.riacanada.ca\/fr\/#website","url":"https:\/\/www.riacanada.ca\/fr\/","name":"Responsible Investment Association","description":"Canada&#039;s membership network for responsible investment","potentialAction":[{"@type":"SearchAction","target":{"@type":"EntryPoint","urlTemplate":"https:\/\/www.riacanada.ca\/fr\/?s={search_term_string}"},"query-input":"required name=search_term_string"}],"inLanguage":"fr-FR"}]}},"_links":{"self":[{"href":"https:\/\/www.riacanada.ca\/fr\/wp-json\/wp\/v2\/pages\/65118"}],"collection":[{"href":"https:\/\/www.riacanada.ca\/fr\/wp-json\/wp\/v2\/pages"}],"about":[{"href":"https:\/\/www.riacanada.ca\/fr\/wp-json\/wp\/v2\/types\/page"}],"author":[{"embeddable":true,"href":"https:\/\/www.riacanada.ca\/fr\/wp-json\/wp\/v2\/users\/7472"}],"replies":[{"embeddable":true,"href":"https:\/\/www.riacanada.ca\/fr\/wp-json\/wp\/v2\/comments?post=65118"}],"version-history":[{"count":4,"href":"https:\/\/www.riacanada.ca\/fr\/wp-json\/wp\/v2\/pages\/65118\/revisions"}],"predecessor-version":[{"id":65235,"href":"https:\/\/www.riacanada.ca\/fr\/wp-json\/wp\/v2\/pages\/65118\/revisions\/65235"}],"wp:attachment":[{"href":"https:\/\/www.riacanada.ca\/fr\/wp-json\/wp\/v2\/media?parent=65118"}],"curies":[{"name":"wp","href":"https:\/\/api.w.org\/{rel}","templated":true}]}}